{"id":3,"date":"2021-01-28T20:34:01","date_gmt":"2021-01-28T20:34:01","guid":{"rendered":"http:\/\/johnbarr.wpengine.com\/?page_id=3"},"modified":"2025-05-27T10:36:47","modified_gmt":"2025-05-27T10:36:47","slug":"privacy-policy","status":"publish","type":"page","link":"https:\/\/johnbarrwhisky.com\/es\/privacy-policy\/","title":{"rendered":"Privacy Policy"},"content":{"rendered":"<div id=\"fws_69d0ece07e83c\"  data-column-margin=\"default\" data-midnight=\"dark\"  class=\"wpb_row vc_row-fluid vc_row\"  style=\"padding-top: 0px; padding-bottom: 0px; \"><div class=\"row-bg-wrap\" data-bg-animation=\"none\" data-bg-overlay=\"false\"><div class=\"inner-wrap\"><div class=\"row-bg\"  style=\"\"><\/div><\/div><\/div><div class=\"row_col_wrap_12 col span_12 dark left\">\n\t<div  class=\"vc_col-sm-12 wpb_column column_container vc_column_container col no-extra-padding inherit_tablet inherit_phone\"  data-padding-pos=\"all\" data-has-bg-color=\"false\" data-bg-color=\"\" data-bg-opacity=\"1\" data-animation=\"\" data-delay=\"0\" >\n\t\t<div class=\"vc_column-inner\" >\n\t\t\t<div class=\"wpb_wrapper\">\n\t\t\t\t\r\n<div class=\"wpb_text_column wpb_content_element\" >\r\n\t<div class=\"wpb_wrapper\">\r\n\t\t<br \/>\n<\/p>\n<p>Pol\u00edtica de privacidad &#8211; Whyte and Mackay<\/p>\n<p>LA SIGUIENTE POL\u00cdTICA DE PRIVACIDAD ES ESPEC\u00cdFICA PARA LOS SITIOS WEB OPERADOS POR WHYTE Y MACKAY LIMITED (&#8220;WHYTE &amp; MACKAY&#8221;), QUE TIENEN SU OFICINA REGISTRADA EN 319 ST VINCENT STREET, GLASGOW, G2 5RG, ESCOCIA, REINO UNIDO (N\u00daMERO DE COMPA\u00d1\u00cdA: SC014456). LA POL\u00cdTICA ESTABLECE C\u00d3MO SE RECOPILA, UTILIZA Y ALMACENA LA INFORMACI\u00d3N PERSONAL AL \u200b\u200bUTILIZAR LOS SITIOS WEB WHYTE &amp; MACKAY, Y SUS DERECHOS EN RELACI\u00d3N CON ESTA INFORMACI\u00d3N PERSONAL.<\/p>\n<p>SI TIENE ALGUNA PREGUNTA SOBRE LA RECOPILACI\u00d3N O USO DE SU INFORMACI\u00d3N A TRAV\u00c9S DE CUALQUIER SITIO WEB OPERADO POR WHYTE &amp; MACKAY, PUEDE CONTACTAR A WHYTE &amp; MACKAY POR CORREO ELECTR\u00d3NICO A COSEC@WHYTEANDMACKAY.COM O POR CORREO POSTAL A LA DIRECCI\u00d3N ANTERIOR, PARA LA ATENCI\u00d3N DE EL DEPARTAMENTO JUR\u00cdDICO.<\/p>\n<p>WHYTE &amp; MACKAY SE COMPROMETE A GARANTIZAR QUE SU PRIVACIDAD EST\u00c9 PROTEGIDA. TODA LA INFORMACI\u00d3N PROPORCIONADA \u00daNICAMENTE SER\u00c1 UTILIZADA DE ACUERDO CON ESTA DECLARACI\u00d3N DE PRIVACIDAD. WHYTE &amp; MACKAY PUEDE ACTUALIZAR ESTA POL\u00cdTICA DE VEZ EN TIEMPO, SEG\u00daN LOS REQUISITOS LEGALES O DE LA EMPRESA. CUALQUIER CAMBIO SER\u00c1 COMUNICADO A TRAV\u00c9S DE ESTA P\u00c1GINA.<\/p>\n<p>QU\u00c9 INFORMACI\u00d3N PERSONAL SE RECOPILA:<\/p>\n<p>RECOPILAMOS Y PROCESAMOS LA SIGUIENTE INFORMACI\u00d3N QUE USTED HA ELEGIDO PROPORCIONARNOS:<\/p>\n<p>INFORMACI\u00d3N QUE USTED PROPORCIONA COMPLETANDO LOS FORMULARIOS DE REGISTRO EN NUESTRO SITIO. ESTO INCLUYE INFORMACI\u00d3N PROPORCIONADA DONDE SE HA SUSCRITO A NUESTRO SERVICIO DE BOLET\u00cdN O DONDE NOS HA SOLICITADO M\u00c1S SERVICIOS.<br \/>\nSU EDAD \/ FECHA DE NACIMIENTO QUE RECOPILAMOS PARA VERIFICAR QUE TIENE EDAD DE COMPRA LEGAL PARA VISITAR NUESTROS SITIOS.<br \/>\nDETALLES DE LAS TRANSACCIONES QUE REALIZA A TRAV\u00c9S DE NUESTROS SITIOS, Y LA INFORMACI\u00d3N QUE USTED PROPORCIONA (POR EJ., SU NOMBRE, N\u00daMERO DE TEL\u00c9FONO, CORREO ELECTR\u00d3NICO Y DIRECCIONES POSTALES) PARA GARANTIZAR EL CUMPLIMIENTO DE CUALQUIER PEDIDO QUE HAGA CON NOSOTROS.<br \/>\nSI SE CONTACTA CON NOSOTROS, PODEMOS MANTENER UN REGISTRO DE ESA CORRESPONDENCIA.<br \/>\nDETALLES DE SUS VISITAS A NUESTRO SITIO [INCLUYENDO, PERO NO LIMITADO A, DATOS DE TR\u00c1FICO, DATOS DE UBICACI\u00d3N, BLOGS DE WEB Y OTROS DATOS DE COMUNICACI\u00d3N, YA SEAN REQUERIDOS PARA NUESTROS PROP\u00d3SITOS DE FACTURACI\u00d3N O DE OTRA MANERA] Y LOS RECURSOS A LOS QUE USTED ACCEDE.<br \/>\nDIRECCIONES IP: CUANDO VISITE NUESTRO SITIO, RECIBIREMOS AUTOM\u00c1TICAMENTE SU DIRECCI\u00d3N IP, UN IDENTIFICADOR \u00daNICO PARA SU COMPUTADORA U OTRO DISPOSITIVO DE ACCESO. ESTO SON DATOS ESTAD\u00cdSTICOS Y NO LO IDENTIFICAN COMO INDIVIDUO.<\/p>\n<p>SOLO UTILIZAREMOS LA INFORMACI\u00d3N PERSONAL QUE RECOPILAMOS: PARA NUESTROS INTERESES COMERCIALES LEG\u00cdTIMOS, INCLUYENDO PARA MEJORAR SU EXPERIENCIA DE CONSUMIDOR DE NUESTROS PRODUCTOS Y SERVICIOS; PARA PROPORCIONARLE INFORMACI\u00d3N Y SERVICIOS ESPEC\u00cdFICOS QUE SOLICITE; Y CON INFORMACI\u00d3N Y SERVICIOS ADICIONALES QUE PUEDEN SER DE INTER\u00c9S PARA USTED<\/p>\n<p>C\u00d3MO SE RECOPILA LA INFORMACI\u00d3N PERSONAL<\/p>\n<p>LA INFORMACI\u00d3N DE IDENTIFICACI\u00d3N PERSONAL SE RECOGE \u00daNICAMENTE A TRAV\u00c9S DE LAS ACCIONES EXPLICADAS ANTERIORMENTE. USTED PUEDE VERIFICAR LA INFORMACI\u00d3N QUE TENEMOS SOBRE USTED VISITANDO SU CUENTA O CONTACTANDO CON NOSOTROS. SI ENCUENTRA INEXACTITUDES O YA NO DESEA QUE ESTA INFORMACI\u00d3N SE CONSERVE, LA BORRAMOS O CORREGIRAMOS INMEDIATAMENTE. LA INFORMACI\u00d3N PERSONAL QUE MANTENEMOS SE MANTENDR\u00c1 DE FORMA SEGURA DE ACUERDO CON NUESTRA POL\u00cdTICA DE SEGURIDAD INTERNA Y LA LEY. NO TRANSFERIREMOS NI VENDEREMOS SU INFORMACI\u00d3N. SI TIENE ALGUNA PREGUNTA \/ COMENTARIO SOBRE LA PRIVACIDAD O DESEA SOLICITAR QU\u00c9 DATOS SE ENCUENTRAN ACTUALMENTE, DEBE ENVIAROS UN CORREO ELECTR\u00d3NICO A DATA@WHYTEANDMACKAY.COM. ALTERNATIVAMENTE, SI CREE QUE SU INFORMACI\u00d3N SE EST\u00c1 PROCESANDO O MANTENIENDO INCORRECTAMENTE, PUEDE QUEJARSE CON NOSOTROS Y \/ O EL REGULADOR DE PROTECCI\u00d3N DE DATOS, LA OFICINA DEL COMISIONADO DE INFORMACI\u00d3N (&#8220;ICO&#8221;). PARA CONTACTAR CON LA ICO PUEDE SEGUIR ESTE ENLACE: HTTPS: \/\/ICO.ORG.UK\/.<\/p>\n<p>USO DE INFORMACI\u00d3N PERSONAL<\/p>\n<p>UTILIZAMOS LA INFORMACI\u00d3N QUE USTED PROPORCIONA PARA LOS SIGUIENTES PROP\u00d3SITOS:<\/p>\n<p>PARA ASEGURARSE DE QUE EL CONTENIDO DE NUESTROS SITIOS WEB SE PRESENTA DE LA MANERA M\u00c1S EFICAZ PARA USTED Y PARA SU COMPUTADORA Y \/ O DISPOSITIVO;<br \/>\nPARA PROPORCIONARLE INFORMACI\u00d3N, PRODUCTOS O SERVICIOS QUE USTED NOS SOLICITE O QUE CREEMOS QUE PUEDAN INTERESARLE, DONDE HAYA CONSENTIDO SER CONTACTADO PARA DICHOS FINES;<br \/>\nPARA PERMITIRLE PARTICIPAR EN CUALQUIER CARACTER\u00cdSTICA INTERACTIVA DE LOS SITIOS WEB, CUANDO ELIJA HACERLO;<br \/>\nPARA NOTIFICARLE SOBRE CAMBIOS EN NUESTROS PRODUCTOS Y SERVICIOS; Y,<br \/>\nPARA PROCESAR Y CUMPLIR COMPRAS EN L\u00cdNEA REALIZADAS POR USTED.<\/p>\n<p>TAMBI\u00c9N UTILIZAMOS INFORMACI\u00d3N PERSONAL PARA COMPRENDER MEJOR EL COMPORTAMIENTO DE COMPRA DE NUESTROS USUARIOS REGISTRADOS Y PARA MEJORAR CONTINUAMENTE LA EXPERIENCIA DE COMPRAS DE NUESTROS CLIENTES. TAMBI\u00c9N PODEMOS UTILIZAR ALGUNA INFORMACI\u00d3N PARA REALIZAR ACTIVIDADES DE MARKETING Y PROMOCIONALES ENFOCADAS EN NUESTROS PRODUCTOS Y SERVICIOS.<\/p>\n<p>TU CONSENTIMIENTO<\/p>\n<p>AL CONSENTIR EN ENVIAR INFORMACI\u00d3N A WHYTE Y MACKAY, USTED ACEPTA LA RECOPILACI\u00d3N Y USO DE ESTA INFORMACI\u00d3N POR WHYTE Y MACKAY Y NUESTRO PROVEEDOR DE SERVICIOS, CUANDO SEA APLICABLE. ESTE CONSENTIMIENTO SE TOMAR\u00c1 DURANTE UN PER\u00cdODO DE DOS A\u00d1OS. SI NO HAY UNA RESPUESTA POSITIVA DURANTE DOS A\u00d1OS POSTERIORES AL CONSENTIMIENTO, NOS CONTACTAREMOS CON USTED PARA ASEGURARSE DE QUE EL CONSENTIMIENTO A\u00daN ES V\u00c1LIDO. SI NO RECIBIMOS RESPUESTA, CONSIDERAREMOS QUE SE RETIRE EL CONSENTIMIENTO Y ELIMINAREMOS CUALQUIER INFORMACI\u00d3N PERSONAL ACTUALMENTE MANTENIDA. SI USTED YA NO DESEA RECIBIR INFORMACI\u00d3N SOBRE NUESTROS PRODUCTOS O SERVICIOS, PUEDE RETIRAR SU CONSENTIMIENTO HACIENDO CLIC EN EL ENLACE PARA ANULAR SUSCRIPCI\u00d3N EN CUALQUIER T<\/p>\n<p>IME, QUE EXISTE EN LA PARTE INFERIOR DE TODOS LOS CORREOS ELECTR\u00d3NICOS DE MARKETING ENVIADOS POR WHYTE Y MACKAY.<\/p>\n<p>SEGURIDAD DE DATOS<\/p>\n<p>HEMOS DISE\u00d1ADO NUESTRO SITIO PARA PROTEGER LA INFORMACI\u00d3N QUE RECOPILAMOS EN L\u00cdNEA DEL ACCESO NO AUTORIZADO. PROTEGEMOS SU INFORMACI\u00d3N PRIVADA IMPLEMENTANDO EL PROCEDIMIENTO F\u00cdSICO, ELECTR\u00d3NICO Y DE GESTI\u00d3N APROPIADO NECESARIO PARA PROTEGER SU PRIVACIDAD. PARA PROTEGER ADEM\u00c1S SU SEGURIDAD, TAMBI\u00c9N TOMAMOS LOS PASOS RAZONABLES PARA VERIFICAR SU IDENTIDAD ANTES DE CONCEDER ACCESO A SU PERFIL PERSONAL O HACER CAMBIOS DE DATOS. ESTAMOS COMPROMETIDOS A PROTEGER SU PRIVACIDAD Y TENEMOS MEDIDAS DE SEGURIDAD PARA EVITAR EL ACCESO NO AUTORIZADO Y LA DIVULGACI\u00d3N DE SU INFORMACI\u00d3N PERSONAL.<\/p>\n<p>MEJORANDO NUESTRO SERVICIO<\/p>\n<p>WHYTE Y MACKAY NO VENDE, COMERCIALIZA O ALQUILA SU INFORMACI\u00d3N PERSONAL A OTROS. PARA ADAPTAR MEJOR NUESTROS SERVICIOS A LAS NECESIDADES DE NUESTROS CLIENTES, UTILIZAMOS INFORMACI\u00d3N NO IDENTIFICADORA Y AGREGADA PARA AYUDARNOS A TOMAR DECISIONES SOBRE C\u00d3MO MEJORAR NUESTRO PORTAFOLIO DE SITIOS WEB. TAMBI\u00c9N PODEMOS COMPARTIR ESTA INFORMACI\u00d3N GEN\u00c9RICA E INIDENTIFICABLE CON NUESTROS ANUNCIANTES Y OTRAS PARTES CON LAS QUE TENEMOS UNA RELACI\u00d3N CONTRACTUAL. POR EJEMPLO, PODEMOS DECIR A LOS ANUNCIANTES QU\u00c9 \u00c1REAS DEL SITIO HAN RECIBIDO EL MAYOR TR\u00c1FICO DE CLIENTES EN GENERAL O CU\u00c1NTOS TIPOS DE CLIENTES AN\u00d3NIMOS HAN VISITADO CIERTAS P\u00c1GINAS. TODAS LAS PARTES INVOLUCRADAS EN ESTE PROCESO ESTAR\u00c1N SUJETAS A LAS REGULACIONES DEL RGPD Y WHYTE &amp; MACKAY TOMAR\u00c1N MEDIDAS RAZONABLES PARA GARANTIZAR QUE CUMPLAN CON EL RGPD. NO DIVULGAMOS INFORMACI\u00d3N DE IDENTIFICACI\u00d3N DE CLIENTES INDIVIDUALES CON ANUNCIANTES NI COMPARTIMOS LA INFORMACI\u00d3N DE IDENTIFICACI\u00d3N PERSONAL QUE NOS ENVIAMOS POR CUALQUIER OTRO MEDIO SIN EL CONSENTIMIENTO EXPL\u00cdCITO PARA HACERLO.<\/p>\n<p>GALLETAS<\/p>\n<p>LAS COOKIES SON IDENTIFICADORES ALFANUM\u00c9RICOS QUE PERMITEN A NUESTROS SISTEMAS RECONOCER SU NAVEGADOR Y PROPORCIONAR UNA EXPERIENCIA DE COMPRAS RICA INCLUYENDO CARACTER\u00cdSTICAS COMO PRODUCTOS RECOMENDADOS Y DESCUENTOS DE FIDELIDAD, AS\u00cd COMO EL ALMACENAMIENTO DE ART\u00cdCULOS EN SUS VISITAS A LA CESTA DE COMPRAS. EL MEN\u00da DE AYUDA EN LA MAYOR\u00cdA DE LOS NAVEGADORES COMUNES LE INDICAR\u00c1 C\u00d3MO EVITAR QUE SU NAVEGADOR ACEPTE NUEVAS COOKIES, C\u00d3MO HACER QUE EL NAVEGADOR LE NOTIFIQUE CUANDO USTED RECIBE UNA NUEVA COOKIE Y C\u00d3MO DESHABILITAR LAS COOKIES TAMBI\u00c9N. SIN EMBARGO, DEBIDO A QUE LAS COOKIES LE PERMITEN APROVECHAR ALGUNAS DE LAS CARACTER\u00cdSTICAS ESENCIALES DE WHYTE Y MACKAY, LE RECOMENDAMOS QUE LAS DEJE ENCENDIDAS.<\/p>\n<p>HERRAMIENTAS ANAL\u00cdTICAS<\/p>\n<p>WHYTE Y MACKAY PUEDEN DE VEZ EN TIEMPO COMPARTIR INFORMACI\u00d3N AN\u00d3NIMA CON RECURSOS ANAL\u00cdTICOS DE TERCEROS CON EL FIN DE COMPRENDER MEJOR EL COMPORTAMIENTO Y EL RENDIMIENTO DEL CLIENTE, EL DESEMPE\u00d1O DEL SITIO WEB, LA RELEVANCIA AN\u00d3NIMA MEJORADA Y CUALQUIER OTRO DESARROLLO DEL PROCESO ANAL\u00cdTICO Y CUALQUIER OTRO DESARROLLO DE UN PROCESO ANAL\u00cdTICO. SU OFERTA A SUS CLIENTES. POR EJEMPLO, A TRAV\u00c9S DE GOOGLE ANALYTICS.<\/p>\n<p>GOOGLE ANALYTICS ES UN SISTEMA UTILIZADO POR WHYTE &amp; MACKAY PARA REGISTRAR INFORMACI\u00d3N SOBRE LAS VISITAS A NUESTROS SITIOS WEB UTILIZANDO COOKIES. ESTAS COOKIES SE UTILIZAN PARA DIFERENCIAR ENTRE VISITANTES POR PRIMERA VEZ A UN SITIO WEB Y VISITANTES REPETIDOS. TAMBI\u00c9N NOS PERMITEN GARANTIZAR QUE NUESTRO SITIO WEB FUNCIONA LO MEJOR POSIBLE PARA NUESTROS USUARIOS. LAS COOKIES PUEDEN RECOPILAR UN N\u00daMERO DE CLIENTE AN\u00d3NIMO CUANDO UN USUARIO EST\u00c1 INICIADO EN EL SITIO WEB, PERMITIENDO QUE NUESTROS SISTEMAS ASEGUREN LA EXACTITUD DE LOS DATOS DE GOOGLE ANALYTICS Y NOS AYUDAN A GARANTIZAR QUE SU EXPERIENCIA EN EL SITIO WEB SIGA PERTINENTE EN TODOS LOS DISPOSITIVOS. NO CONTIENEN NINGUNA INFORMACI\u00d3N DE IDENTIFICACI\u00d3N PERSONAL. PUEDES OBTENER M\u00c1S INFORMACI\u00d3N SOBRE C\u00d3MO UTILIZA GOOGLE LAS COOKIES EN HTTP:\/\/WWW.GOOGLE.CO.UK\/POLICIES\/PRIVACY\/ (S\u00d3LO EN INGL\u00c9S).<\/p>\n<p>CUALQUIER TERCERO EMPLEADO PARA LOS FINES ANAL\u00cdTICOS MENCIONADOS ANTERIORMENTE EST\u00c1N CONTRACTUALMENTE OBLIGADOS A UTILIZAR LOS DATOS \u00daNICAMENTE PARA LOS FINES ANAL\u00cdTICOS ESTABLECIDOS EN EL ACUERDO ENTRE WHYTE Y MACKAY Y EL TERCERO. WHYTE Y MACKAY ASEGURAR\u00c1N QUE EL TERCERO EST\u00c9 CONTRACTUALMENTE OBLIGADO A MANTENER UN NIVEL DE SEGURIDAD ALREDEDOR DE LOS DATOS COMPARTIDOS, AL MENOS TAN SEGURO COMO WHYTE Y MACKAY S\u00cd MISMO EMPLEADOS. EL INCUMPLIMIENTO POR PARTE DEL TERCERO DE CUMPLIR SUS OBLIGACIONES CONTRACTUALES RESULTAR\u00c1 EN WHYTE Y MACKAY RECUPERAR LOS DATOS Y TOMAR TODAS LAS ACCIONES RAZONABLES PARA GARANTIZAR QUE EL TERCERO YA NO TIENE ACCESO A LOS DATOS COMPARTIDOS. LAS COOKIES DE TERCEROS UTILIZADAS EN LOS SISTEMAS WHYTE Y MACKAY SE ADHERIR\u00c1N A LOS MISMOS EST\u00c1NDARES QUE LAS COOKIES DE PRIMEROS Y NO RECOPILAR\u00c1N NINGUNA INFORMACI\u00d3N PERSONAL IDENTIFICABLE.<\/p>\n<p>DIVULGACI\u00d3N INTERNACIONAL<\/p>\n<p>LA DECLARACI\u00d3N DE PRIVACIDAD ANTERIOR HA SIDO CREADA PARA SU USO DENTRO DEL REINO UNIDO Y EUROPA. OTROS TERRITORIOS PUEDEN ESTAR SUJETOS A DIFERENTES LEGISLACIONES CON LAS QUE ESTA POL\u00cdTICA PUEDE NO COINCIDIR.<\/p>\n<p>\n<\/p><\/div>\n\t<\/div>\r\n<\/div>\r\n\r\n\r\n\r\n\n\t\t\t<\/div> \n\t\t<\/div>\n\t<\/div> \n<\/div><\/div>","protected":false},"excerpt":{"rendered":"Pol\u00edtica de privacidad - Whyte and Mackay LA SIGUIENTE POL\u00cdTICA DE PRIVACIDAD ES ESPEC\u00cdFICA PARA LOS SITIOS WEB OPERADOS POR WHYTE Y MACKAY LIMITED (\"WHYTE &amp; MACKAY\"), QUE TIENEN SU...","protected":false},"author":1,"featured_media":0,"parent":0,"menu_order":0,"comment_status":"closed","ping_status":"open","template":"","meta":[],"yoast_head":"<!-- This site is optimized with the Yoast SEO plugin v17.5 - https:\/\/yoast.com\/wordpress\/plugins\/seo\/ -->\n<title>Privacy Policy - John Barr Whisky<\/title>\n<meta name=\"robots\" content=\"index, follow, max-snippet:-1, max-image-preview:large, max-video-preview:-1\" \/>\n<link rel=\"canonical\" href=\"https:\/\/johnbarrwhisky.com\/es\/privacy-policy\/\" \/>\n<meta property=\"og:locale\" content=\"es_MX\" \/>\n<meta property=\"og:type\" content=\"article\" \/>\n<meta property=\"og:title\" content=\"Privacy Policy - John Barr Whisky\" \/>\n<meta property=\"og:url\" content=\"https:\/\/johnbarrwhisky.com\/es\/privacy-policy\/\" \/>\n<meta property=\"og:site_name\" content=\"John Barr Whisky\" \/>\n<meta property=\"article:modified_time\" content=\"2025-05-27T10:36:47+00:00\" \/>\n<meta name=\"twitter:card\" content=\"summary_large_image\" \/>\n<meta name=\"twitter:label1\" content=\"Tiempo de lectura\" \/>\n\t<meta name=\"twitter:data1\" content=\"25 minutos\" \/>\n<script type=\"application\/ld+json\" class=\"yoast-schema-graph\">{\"@context\":\"https:\/\/schema.org\",\"@graph\":[{\"@type\":\"Organization\",\"@id\":\"https:\/\/johnbarrwhisky.com\/#organization\",\"name\":\"John Barr Whisky\",\"url\":\"https:\/\/johnbarrwhisky.com\/\",\"sameAs\":[],\"logo\":{\"@type\":\"ImageObject\",\"@id\":\"https:\/\/johnbarrwhisky.com\/#logo\",\"inLanguage\":\"es-MX\",\"url\":\"https:\/\/johnbarrwhisky.com\/wp-content\/uploads\/2021\/06\/footer-logo.pn-g.png\",\"contentUrl\":\"https:\/\/johnbarrwhisky.com\/wp-content\/uploads\/2021\/06\/footer-logo.pn-g.png\",\"width\":385,\"height\":108,\"caption\":\"John Barr Whisky\"},\"image\":{\"@id\":\"https:\/\/johnbarrwhisky.com\/#logo\"}},{\"@type\":\"WebSite\",\"@id\":\"https:\/\/johnbarrwhisky.com\/#website\",\"url\":\"https:\/\/johnbarrwhisky.com\/\",\"name\":\"John Barr Whisky\",\"description\":\"Reserve Blended Scotch Whisky\",\"publisher\":{\"@id\":\"https:\/\/johnbarrwhisky.com\/#organization\"},\"potentialAction\":[{\"@type\":\"SearchAction\",\"target\":{\"@type\":\"EntryPoint\",\"urlTemplate\":\"https:\/\/johnbarrwhisky.com\/?s={search_term_string}\"},\"query-input\":\"required name=search_term_string\"}],\"inLanguage\":\"es-MX\"},{\"@type\":\"WebPage\",\"@id\":\"https:\/\/johnbarrwhisky.com\/privacy-policy\/#webpage\",\"url\":\"https:\/\/johnbarrwhisky.com\/privacy-policy\/\",\"name\":\"Privacy Policy - John Barr Whisky\",\"isPartOf\":{\"@id\":\"https:\/\/johnbarrwhisky.com\/#website\"},\"datePublished\":\"2021-01-28T20:34:01+00:00\",\"dateModified\":\"2025-05-27T10:36:47+00:00\",\"breadcrumb\":{\"@id\":\"https:\/\/johnbarrwhisky.com\/privacy-policy\/#breadcrumb\"},\"inLanguage\":\"es-MX\",\"potentialAction\":[{\"@type\":\"ReadAction\",\"target\":[\"https:\/\/johnbarrwhisky.com\/privacy-policy\/\"]}]},{\"@type\":\"BreadcrumbList\",\"@id\":\"https:\/\/johnbarrwhisky.com\/privacy-policy\/#breadcrumb\",\"itemListElement\":[{\"@type\":\"ListItem\",\"position\":1,\"name\":\"Home\",\"item\":\"https:\/\/johnbarrwhisky.com\/\"},{\"@type\":\"ListItem\",\"position\":2,\"name\":\"Privacy Policy\"}]}]}<\/script>\n<!-- \/ Yoast SEO plugin. -->","yoast_head_json":{"title":"Privacy Policy - John Barr Whisky","robots":{"index":"index","follow":"follow","max-snippet":"max-snippet:-1","max-image-preview":"max-image-preview:large","max-video-preview":"max-video-preview:-1"},"canonical":"https:\/\/johnbarrwhisky.com\/es\/privacy-policy\/","og_locale":"es_MX","og_type":"article","og_title":"Privacy Policy - John Barr Whisky","og_url":"https:\/\/johnbarrwhisky.com\/es\/privacy-policy\/","og_site_name":"John Barr Whisky","article_modified_time":"2025-05-27T10:36:47+00:00","twitter_card":"summary_large_image","twitter_misc":{"Tiempo de lectura":"25 minutos"},"schema":{"@context":"https:\/\/schema.org","@graph":[{"@type":"Organization","@id":"https:\/\/johnbarrwhisky.com\/#organization","name":"John Barr Whisky","url":"https:\/\/johnbarrwhisky.com\/","sameAs":[],"logo":{"@type":"ImageObject","@id":"https:\/\/johnbarrwhisky.com\/#logo","inLanguage":"es-MX","url":"https:\/\/johnbarrwhisky.com\/wp-content\/uploads\/2021\/06\/footer-logo.pn-g.png","contentUrl":"https:\/\/johnbarrwhisky.com\/wp-content\/uploads\/2021\/06\/footer-logo.pn-g.png","width":385,"height":108,"caption":"John Barr Whisky"},"image":{"@id":"https:\/\/johnbarrwhisky.com\/#logo"}},{"@type":"WebSite","@id":"https:\/\/johnbarrwhisky.com\/#website","url":"https:\/\/johnbarrwhisky.com\/","name":"John Barr Whisky","description":"Reserve Blended Scotch Whisky","publisher":{"@id":"https:\/\/johnbarrwhisky.com\/#organization"},"potentialAction":[{"@type":"SearchAction","target":{"@type":"EntryPoint","urlTemplate":"https:\/\/johnbarrwhisky.com\/?s={search_term_string}"},"query-input":"required name=search_term_string"}],"inLanguage":"es-MX"},{"@type":"WebPage","@id":"https:\/\/johnbarrwhisky.com\/privacy-policy\/#webpage","url":"https:\/\/johnbarrwhisky.com\/privacy-policy\/","name":"Privacy Policy - John Barr Whisky","isPartOf":{"@id":"https:\/\/johnbarrwhisky.com\/#website"},"datePublished":"2021-01-28T20:34:01+00:00","dateModified":"2025-05-27T10:36:47+00:00","breadcrumb":{"@id":"https:\/\/johnbarrwhisky.com\/privacy-policy\/#breadcrumb"},"inLanguage":"es-MX","potentialAction":[{"@type":"ReadAction","target":["https:\/\/johnbarrwhisky.com\/privacy-policy\/"]}]},{"@type":"BreadcrumbList","@id":"https:\/\/johnbarrwhisky.com\/privacy-policy\/#breadcrumb","itemListElement":[{"@type":"ListItem","position":1,"name":"Home","item":"https:\/\/johnbarrwhisky.com\/"},{"@type":"ListItem","position":2,"name":"Privacy Policy"}]}]}},"_links":{"self":[{"href":"https:\/\/johnbarrwhisky.com\/es\/wp-json\/wp\/v2\/pages\/3"}],"collection":[{"href":"https:\/\/johnbarrwhisky.com\/es\/wp-json\/wp\/v2\/pages"}],"about":[{"href":"https:\/\/johnbarrwhisky.com\/es\/wp-json\/wp\/v2\/types\/page"}],"author":[{"embeddable":true,"href":"https:\/\/johnbarrwhisky.com\/es\/wp-json\/wp\/v2\/users\/1"}],"replies":[{"embeddable":true,"href":"https:\/\/johnbarrwhisky.com\/es\/wp-json\/wp\/v2\/comments?post=3"}],"version-history":[{"count":0,"href":"https:\/\/johnbarrwhisky.com\/es\/wp-json\/wp\/v2\/pages\/3\/revisions"}],"wp:attachment":[{"href":"https:\/\/johnbarrwhisky.com\/es\/wp-json\/wp\/v2\/media?parent=3"}],"curies":[{"name":"wp","href":"https:\/\/api.w.org\/{rel}","templated":true}]}}