{"id":252,"date":"2021-08-13T17:32:27","date_gmt":"2021-08-13T17:32:27","guid":{"rendered":"https:\/\/johnbarr.wpengine.com\/?page_id=252"},"modified":"2021-11-19T18:08:20","modified_gmt":"2021-11-19T18:08:20","slug":"delivery-return-policy","status":"publish","type":"page","link":"https:\/\/johnbarrwhisky.com\/es\/delivery-return-policy\/","title":{"rendered":"Delivery &#038; Return Policy"},"content":{"rendered":"<h4 style=\"text-align: center;\"><a href=\"https:\/\/johnbarrwhisky.com\/es\/delivery-return-policy\/\">Official Poliicy in english can be found here translated<\/a><\/h4>\n<p><b>Edad legal para beber<\/b><\/p>\n<p class=\"translation-block\">Debe tener al menos 21 a\u00f1os para visitar johnbarrwhisky.com y comprar alcohol. Si no lo est\u00e1, debe salir del sitio inmediatamente. Usted debe ser mayor de 21 a\u00f1os para ordenar y recibir alcohol, tener una identificaci\u00f3n estatal v\u00e1lida como prueba de edad, y usted debe estar presente para aceptar la orden. Le recomendamos encarecidamente que lo entregue a su trabajo\/oficina ya que alguien mayor de 21 a\u00f1os con una identificaci\u00f3n v\u00e1lida debe firmar para el paquete. Los paquetes no se pueden dejar en cajas ni en puertas.<\/p>\n<p><span style=\"font-weight: 400;\">Si los productos solicitados se van a entregar a una persona que no sea el cliente que realiza el pedido, el cliente realiza dicho pedido, realizando dicho pedido, representa y garantiza que tanto el cliente como el destinatario\/receptor tienen al menos veinti\u00fan (21) a\u00f1os de edad y pueden proporcionar identificaci\u00f3n legal como prueba en el momento de la entrega. Cualquier incumplimiento de esta representaci\u00f3n y garant\u00eda resultar\u00e1 en la terminaci\u00f3n del pedido y el cobro de una Tarifa de Reposici\u00f3n no reembolsable al cliente.<\/span><\/p>\n<p><b>Env\u00edo<\/b><\/p>\n<p><span style=\"font-weight: 400;\">El producto se vende a trav\u00e9s de una red compatible con tres niveles de 3rd distribuidores, no a trav\u00e9s de John Barr. La mayor\u00eda de los pedidos se procesan en un plazo de 1-2 d\u00edas laborables. El tiempo de tr\u00e1nsito var\u00eda de 1-5 d\u00edas h\u00e1biles en circunstancias normales, dependiendo de su estado de env\u00edo.<\/span><\/p>\n<p><span style=\"font-weight: 400;\">Los productos de John Barr s\u00f3lo est\u00e1n disponibles para su entrega a una direcci\u00f3n en los EE.UU., y su pedido ser\u00e1 manejado por una compa\u00f1\u00eda independiente, D2C Beverages. Cualquier transacci\u00f3n realizada en este sitio ser\u00e1 realizada directamente por una red de minoristas de D2C Beverages.  Por lo general, las bebidas s\u00f3lo emiten reembolsos por paquetes gravemente da\u00f1ados o env\u00edos incorrectos. Un minorista de D2C Beverages no est\u00e1 autorizado a aceptar devoluciones o cambios.\n \nSin embargo, entendemos que los productos enviados desde la red de distribuidores de bebidas de D2C Beverages pueden ser incorrectos o da\u00f1ados durante el env\u00edo. Le recomendamos que inspeccione el paquete a su llegada. Si no ha recibido los art\u00edculos correctos, faltan art\u00edculos o si hay art\u00edculos da\u00f1ados, env\u00ede un correo electr\u00f3nico con el n\u00famero de pedido, una imagen que muestre lo recibido y la descripci\u00f3n del problema a support@d2cbeverages.com.<\/span><\/p>\n<p><b>Entrega<\/b><\/p>\n<p><span style=\"font-weight: 400;\">Los D2C Beverages distribuidores de bebidas que han realizado su pedido har\u00e1n un esfuerzo razonable para completar el pedido del usuario en una sola entrega, pero tenga en cuenta que es posible que los pedidos grandes tengan que completarse en varias entregas. Si tiene alg\u00fan problema con la entrega, p\u00f3ngase en contacto con el servicio de atenci\u00f3n al cliente de D2C Beverage en support@d2cbeverages.com. Para problemas de calidad o m\u00e1s informaci\u00f3n sobre la marca John Barr, por favor contacte a jb.info@johnbarrwhisky.com.<\/span><\/p>\n<p>&nbsp;<\/p>\n<p><b>Condiciones de servicio de D2C<\/b><\/p>\n<p><b>T\u00e9rminos de servicio<\/b><\/p>\n<p><b>CONDICIONES DE USO DE D2C Beverage<\/b><\/p>\n<p><b>\u00daltima actualizaci\u00f3n: 08\/09\/2021<\/b><\/p>\n<p><b>\u00a0<\/b><\/p>\n<ul>\n<li aria-level=\"1\"><b>ACEPTACI\u00d3N DE LOS T\u00c9RMINOS Y CONDICIONES<\/b><\/li>\n<\/ul>\n<ol>\n<li style=\"list-style-type: none;\">\n<ol>\n<li style=\"font-weight: 400;\" aria-level=\"2\"><span style=\"font-weight: 400;\">USTED ACEPTA Y ACEPTA ESTOS T\u00c9RMINOS Y CONDICIONES APLICABLES AL USO DE D2C BEVERAGES Y SUS FILIALES. Usted acepta estar obligado por estos T\u00e9rminos y Condiciones. Si no est\u00e1 de acuerdo con estos T\u00e9rminos y condiciones, no podr\u00e1 acceder a sus servicios ni utilizarlos de otro modo.<\/span><\/li>\n<\/ol>\n<\/li>\n<\/ol>\n<ul>\n<li aria-level=\"1\"><b>Actualizaciones de los T\u00e9rminos y Condiciones<\/b><\/li>\n<\/ul>\n<ol>\n<li style=\"list-style-type: none;\">\n<ol>\n<li style=\"font-weight: 400;\" aria-level=\"2\"><span style=\"font-weight: 400;\">A discreci\u00f3n exclusiva de D2C Beverages, nos reservamos el derecho de cambiar los T\u00e9rminos y Condiciones de vez en cuando y en cualquier momento sin previo aviso, mediante la publicaci\u00f3n de la versi\u00f3n m\u00e1s actualizada de los T\u00e9rminos y Condiciones.<\/span><\/li>\n<\/ol>\n<\/li>\n<\/ol>\n<ul>\n<li aria-level=\"1\"><b>El servicio<\/b><\/li>\n<\/ul>\n<ol>\n<li style=\"list-style-type: none;\">\n<ol>\n<li style=\"font-weight: 400;\" aria-level=\"2\" class=\"translation-block\">D2C est\u00e1 destinado \u00fanicamente a personas mayores de 21 a\u00f1os que residan legalmente en los Estados Unidos. Usted debe tener 21 a\u00f1os o m\u00e1s para acceder o usar de otra manera D2C. Las personas menores de 21 a\u00f1os de edad est\u00e1n prohibidas a usar D2C de cualquier manera.<\/li>\n<li style=\"font-weight: 400;\" aria-level=\"2\"><span style=\"font-weight: 400;\">D2C est\u00e1 destinado a su uso personal y no comercial de acuerdo con estos T\u00e9rminos y Condiciones. Usted acepta no tener m\u00e1s de una cuenta y no vender, intercambiar o transferir esa cuenta a ninguna otra persona. Usted acepta cumplir con estos T\u00e9rminos y Condiciones y todas las leyes o regulaciones aplicables de la jurisdicci\u00f3n en la que reside y puede estar sujeto. Usted acepta que no interferir\u00e1 ni interrumpir\u00e1 ninguno de los servicios proporcionados por D2C Beverages y que no acceder\u00e1 a D2C Beverages por ning\u00fan otro medio que no sea a trav\u00e9s de la interfaz proporcionada<\/span><\/li>\n<li style=\"font-weight: 400;\" aria-level=\"2\"><span style=\"font-weight: 400;\">Para acceder a determinados productos o servicios, es posible que se le solicite que proporcione informaci\u00f3n sobre usted mismo como parte del proceso de registro o como parte de su uso continuado de D2C. Usted acepta que cualquier informaci\u00f3n de registro que proporcione a D2C Beverages siempre ser\u00e1 exacta, correcta y actualizada.<\/span><\/li>\n<li style=\"font-weight: 400;\" aria-level=\"2\"><span style=\"font-weight: 400;\">Usted acepta que no reproducir\u00e1, copiar\u00e1, vender\u00e1, trueque ni comerciar\u00e1 ninguna informaci\u00f3n a la que acceda en D2C Beverages Tambi\u00e9n acepta que no utilizar\u00e1 D2C en su totalidad o en parte, para ning\u00fan prop\u00f3sito comercial, incluyendo, pero no limitado a, la venta, reventa, trueque, distribuci\u00f3n, Desechar o transferir cualquier producto obtenido a trav\u00e9s del Sitio, en violaci\u00f3n de estos T\u00e9rminos y\/o leyes y regulaciones federales, estatales y locales.<\/span><\/li>\n<li style=\"font-weight: 400;\" aria-level=\"2\"><span style=\"font-weight: 400;\">Usted acepta que es el \u00fanico responsable de cualquier incumplimiento de sus obligaciones en virtud de los T\u00e9rminos y condiciones y de las consecuencias de dicho incumplimiento, incluidas las p\u00e9rdidas o da\u00f1os que puedan sufrir D2C Beverages. Asimismo, acepta que D2C Beverages no tiene ninguna responsabilidad con usted ni con terceros por el incumplimiento de los T\u00e9rminos y condiciones y por las consecuencias de dicho incumplimiento.<\/span><b>\u00a0<\/b><\/li>\n<\/ol>\n<\/li>\n<\/ol>\n<ul>\n<li aria-level=\"1\"><b>Transacciones<\/b><\/li>\n<\/ul>\n<ol>\n<li style=\"list-style-type: none;\">\n<ol>\n<li style=\"font-weight: 400;\" aria-level=\"2\" class=\"translation-block\">D2C Beverages se basa en una red de minoristas, proveedores, fabricantes y otras partes con licencia independientes (colectivamente, \u201cproveedores\u201d) que venden los productos y servicios disponibles con D2C Beverages. Cada producto o servicio listado en D2C Beverages no es una oferta para comprar dicho producto o servicio, sino una invitaci\u00f3n para hacer una oferta.  EN TODOS LOS CASOS, TODAS LAS VENTAS SE ANUNCIAN, SOLICITAN, OFRECEN, ACEPTAN, HACEN, GESTIONADO Y ENTREGADO POR PROVEEDORES QUE RECIBEN TODOS LOS PEDIDOS. En todos los casos, cualquier solicitud, invitaci\u00f3n, oferta, anuncio o comunicaci\u00f3n es nula donde lo proh\u00edba la ley. Si desea adquirir cualquier producto o servicio que haya puesto a disposici\u00f3n de un proveedor, es posible que se le solicite que proporcione cierta informaci\u00f3n relevante para la compra, incluida, sin limitaci\u00f3n, la informaci\u00f3n de su tarjeta de cr\u00e9dito, su direcci\u00f3n de facturaci\u00f3n y su informaci\u00f3n de env\u00edo. Usted declara y garantiza que usted tiene el derecho legal y la autoridad para utilizar cualquier tarjeta de cr\u00e9dito, tarjeta de d\u00e9bito, tarjeta de regalo, certificado de regalo o c\u00f3digo de cup\u00f3n utilizado en relaci\u00f3n con cualquier transacci\u00f3n. Al enviar dicha informaci\u00f3n, usted otorga a D2C Beverages y a los Proveedores el derecho de proporcionar dicha informaci\u00f3n a terceros de acuerdo con nuestra pol\u00edtica de privacidad y sus pol\u00edticas de privacidad.<\/li>\n<li style=\"font-weight: 400;\" aria-level=\"2\"><span style=\"font-weight: 400;\">En relaci\u00f3n con cada transacci\u00f3n, usted declara que puede comprar y recibir los productos solicitados de conformidad con todas las leyes aplicables, incluidas, entre otras, las leyes de control de bebidas alcoh\u00f3licas de la jurisdicci\u00f3n en la que reside, y que dichos productos se utilizar\u00e1n s\u00f3lo de manera legal. Al realizar un pedido, usted declara que tiene 21 a\u00f1os de edad o m\u00e1s y autoriza a nuestros proveedores a actuar en su nombre para contratar a un transportista com\u00fan para que entregue su pedido donde desea que se entregue. Las ventas de ciertos proveedores se realizan en las instalaciones del Vendedor y los t\u00edtulos se le pasan a usted en las instalaciones del Vendedor.<\/span><\/li>\n<li style=\"font-weight: 400;\" aria-level=\"2\"><span style=\"font-weight: 400;\">D2C Beverages Muestra los precios al por menor sugeridos y la disponibilidad de productos y servicios anunciados en funci\u00f3n de los precios e informaci\u00f3n de inventario disponibles para nosotros y proporcionados por nuestros proveedores. No hacemos ninguna representaci\u00f3n o promesa en cuanto a la confiabilidad o exactitud de tal informaci\u00f3n.<\/span><\/li>\n<li style=\"font-weight: 400;\" aria-level=\"2\"><span style=\"font-weight: 400;\">A pesar de nuestros mejores esfuerzos, un peque\u00f1o n\u00famero de los art\u00edculos en nuestro Sitio pueden ser mal cotizados. Si el precio correcto de un art\u00edculo es superior al precio indicado, nos comunicaremos, a nuestra discreci\u00f3n, con usted para obtener instrucciones antes del env\u00edo o cancelaremos su pedido y le notificaremos de dicha cancelaci\u00f3n.<\/span><\/li>\n<li style=\"font-weight: 400;\" aria-level=\"2\"><span style=\"font-weight: 400;\">Adem\u00e1s, a pesar de nuestros mejores esfuerzos, un peque\u00f1o n\u00famero de los art\u00edculos en nuestro Sitio pueden ser listados como disponibles cuando de hecho no est\u00e1n actualmente en stock por uno de nuestros proveedores. Si la disponibilidad de un art\u00edculo aparece incorrectamente, a nuestra discreci\u00f3n nos comunicaremos con usted para obtener instrucciones antes de enviar o cancelaremos su pedido y le notificaremos de dicha cancelaci\u00f3n.<\/span><\/li>\n<li style=\"font-weight: 400;\" aria-level=\"2\"><span style=\"font-weight: 400;\">Cualquier paquete que sea rechazado o que no pueda ser entregado por nuestros transportistas comunes ser\u00e1 devuelto al Vendedor a su cargo. Le reembolsaremos los costos del producto menos los costos de env\u00edo.<\/span><\/li>\n<li style=\"font-weight: 400;\" aria-level=\"2\"><span style=\"font-weight: 400;\">Adem\u00e1s, cuando nuestros transportistas comunes rechazan la entrega de paquetes y\/o no pueden ser entregados en el primer intento, se incurren en gastos de entrega adicionales. Todos los costes adicionales asociados con cualquier intento de entrega adicional se incurrir\u00e1n a su cargo.<\/span><\/li>\n<li style=\"font-weight: 400;\" aria-level=\"2\"><span style=\"font-weight: 400;\">Todas las invitaciones a hacer una oferta por un producto con env\u00edo gratuito son invitaciones a hacer una oferta por un producto que incluye el costo de env\u00edo en el precio de dicho producto.<\/span><\/li>\n<li style=\"font-weight: 400;\" aria-level=\"2\"><span style=\"font-weight: 400;\">D2C Beverages tiene entidades legales afiliadas que pueden brindarle servicios en nombre de D2C Beverages. Usted reconoce y acepta que dichos afiliados tienen derecho a proporcionarle servicios.<\/span><\/li>\n<li style=\"font-weight: 400;\" aria-level=\"2\"><span style=\"font-weight: 400;\">D2C Beverages est\u00e1 innovando constantemente en t\u00e9rminos y condiciones que proporciona. Usted reconoce y acepta que la forma y naturaleza de estos T\u00e9rminos y Condiciones pueden cambiar en cualquier momento sin previo aviso y reconoce y acepta los nuevos t\u00e9rminos siempre que se actualicen aqu\u00ed.<\/span><\/li>\n<\/ol>\n<\/li>\n<\/ol>\n<ul>\n<li aria-level=\"1\"><b>Devoluciones<\/b><\/li>\n<\/ul>\n<ol>\n<li style=\"list-style-type: none;\">\n<ol>\n<li style=\"font-weight: 400;\" aria-level=\"2\"><span style=\"font-weight: 400;\">Los productos y servicios ofrecidos por D2C son vendidos por una red de minoristas independientes y est\u00e1n sujetos a sus pol\u00edticas de privacidad y env\u00edo. Debido a la normativa estatal, la red de minoristas de D2C no puede aceptar la devoluci\u00f3n de ning\u00fan producto adquirido por un cliente por error.<\/span><\/li>\n<li style=\"font-weight: 400;\" aria-level=\"2\"><span style=\"font-weight: 400;\">D2C Generalmente, los minoristas s\u00f3lo emiten reembolsos por paquetes gravemente da\u00f1ados o env\u00edos incorrectos. No se les permite aceptar devoluciones o cambios. Sin embargo, entendemos que los productos enviados por nuestros distribuidores pueden ser incorrectos o da\u00f1ados durante el env\u00edo. Le recomendamos que inspeccione el paquete a su llegada. Si no ha recibido los art\u00edculos correctos, faltan art\u00edculos o si hay art\u00edculos da\u00f1ados, env\u00ede un correo electr\u00f3nico con el n\u00famero de pedido, una imagen que muestre lo recibido y la descripci\u00f3n del problema a support@d2cbeverages.com.<\/span><\/li>\n<li style=\"font-weight: 400;\" aria-level=\"2\"><span style=\"font-weight: 400;\">Si un env\u00edo se pierde despu\u00e9s de tres intentos o se devolvi\u00f3 debido a una direcci\u00f3n de entrega incorrecta, reformulamos el paquete por un cargo de $20 o reembolsaremos el coste de la botella menos el env\u00edo original, el env\u00edo de vuelta y la tarifa de manipulaci\u00f3n.<\/span><\/li>\n<\/ol>\n<\/li>\n<\/ol>\n<p><b>La alentamos a beber responsablemente. Si elige consumir bebidas para adultos, h\u00e1galo con prudencia. ESPECIALMENTE, NO BEBA Y CONDUZCA.<\/b><\/p>","protected":false},"excerpt":{"rendered":"<p>Pol\u00edtica Oficial en Ingl\u00e9s se encuentra aqu\u00ed Legal Drinking Age You must be at least 21 years old to visit johnbarrwhisky.com and to purchase alcohol. If you are not, you&#8230;<\/p>","protected":false},"author":1,"featured_media":0,"parent":0,"menu_order":0,"comment_status":"closed","ping_status":"closed","template":"","meta":[],"yoast_head":"<!-- This site is optimized with the Yoast SEO plugin v17.5 - https:\/\/yoast.com\/wordpress\/plugins\/seo\/ -->\n<title>Delivery &amp; Return Policy - John Barr Whisky<\/title>\n<meta name=\"robots\" content=\"index, follow, max-snippet:-1, max-image-preview:large, max-video-preview:-1\" \/>\n<link rel=\"canonical\" href=\"https:\/\/johnbarrwhisky.com\/es\/delivery-return-policy\/\" \/>\n<meta property=\"og:locale\" content=\"es_MX\" \/>\n<meta property=\"og:type\" content=\"article\" \/>\n<meta property=\"og:title\" content=\"Delivery &amp; Return Policy - John Barr Whisky\" \/>\n<meta property=\"og:description\" content=\"Pol\u00edtica Oficial en Ingl\u00e9s se encuentra aqu\u00ed Legal Drinking Age You must be at least 21 years old to visit johnbarrwhisky.com and to purchase alcohol. If you are not, you...\" \/>\n<meta property=\"og:url\" content=\"https:\/\/johnbarrwhisky.com\/es\/delivery-return-policy\/\" \/>\n<meta property=\"og:site_name\" content=\"John Barr Whisky\" \/>\n<meta property=\"article:modified_time\" content=\"2021-11-19T18:08:20+00:00\" \/>\n<meta name=\"twitter:card\" content=\"summary_large_image\" \/>\n<meta name=\"twitter:label1\" content=\"Tiempo de lectura\" \/>\n\t<meta name=\"twitter:data1\" content=\"8 minutos\" \/>\n<script type=\"application\/ld+json\" class=\"yoast-schema-graph\">{\"@context\":\"https:\/\/schema.org\",\"@graph\":[{\"@type\":\"Organization\",\"@id\":\"https:\/\/johnbarrwhisky.com\/#organization\",\"name\":\"John Barr Whisky\",\"url\":\"https:\/\/johnbarrwhisky.com\/\",\"sameAs\":[],\"logo\":{\"@type\":\"ImageObject\",\"@id\":\"https:\/\/johnbarrwhisky.com\/#logo\",\"inLanguage\":\"es-MX\",\"url\":\"https:\/\/johnbarrwhisky.com\/wp-content\/uploads\/2021\/06\/footer-logo.pn-g.png\",\"contentUrl\":\"https:\/\/johnbarrwhisky.com\/wp-content\/uploads\/2021\/06\/footer-logo.pn-g.png\",\"width\":385,\"height\":108,\"caption\":\"John Barr Whisky\"},\"image\":{\"@id\":\"https:\/\/johnbarrwhisky.com\/#logo\"}},{\"@type\":\"WebSite\",\"@id\":\"https:\/\/johnbarrwhisky.com\/#website\",\"url\":\"https:\/\/johnbarrwhisky.com\/\",\"name\":\"John Barr Whisky\",\"description\":\"Reserve Blended Scotch Whisky\",\"publisher\":{\"@id\":\"https:\/\/johnbarrwhisky.com\/#organization\"},\"potentialAction\":[{\"@type\":\"SearchAction\",\"target\":{\"@type\":\"EntryPoint\",\"urlTemplate\":\"https:\/\/johnbarrwhisky.com\/?s={search_term_string}\"},\"query-input\":\"required name=search_term_string\"}],\"inLanguage\":\"es-MX\"},{\"@type\":\"WebPage\",\"@id\":\"https:\/\/johnbarrwhisky.com\/delivery-return-policy\/#webpage\",\"url\":\"https:\/\/johnbarrwhisky.com\/delivery-return-policy\/\",\"name\":\"Delivery & Return Policy - John Barr Whisky\",\"isPartOf\":{\"@id\":\"https:\/\/johnbarrwhisky.com\/#website\"},\"datePublished\":\"2021-08-13T17:32:27+00:00\",\"dateModified\":\"2021-11-19T18:08:20+00:00\",\"breadcrumb\":{\"@id\":\"https:\/\/johnbarrwhisky.com\/delivery-return-policy\/#breadcrumb\"},\"inLanguage\":\"es-MX\",\"potentialAction\":[{\"@type\":\"ReadAction\",\"target\":[\"https:\/\/johnbarrwhisky.com\/delivery-return-policy\/\"]}]},{\"@type\":\"BreadcrumbList\",\"@id\":\"https:\/\/johnbarrwhisky.com\/delivery-return-policy\/#breadcrumb\",\"itemListElement\":[{\"@type\":\"ListItem\",\"position\":1,\"name\":\"Home\",\"item\":\"https:\/\/johnbarrwhisky.com\/\"},{\"@type\":\"ListItem\",\"position\":2,\"name\":\"Delivery &#038; Return Policy\"}]}]}<\/script>\n<!-- \/ Yoast SEO plugin. -->","yoast_head_json":{"title":"Delivery & Return Policy - John Barr Whisky","robots":{"index":"index","follow":"follow","max-snippet":"max-snippet:-1","max-image-preview":"max-image-preview:large","max-video-preview":"max-video-preview:-1"},"canonical":"https:\/\/johnbarrwhisky.com\/es\/delivery-return-policy\/","og_locale":"es_MX","og_type":"article","og_title":"Delivery & Return Policy - John Barr Whisky","og_description":"Pol\u00edtica Oficial en Ingl\u00e9s se encuentra aqu\u00ed Legal Drinking Age You must be at least 21 years old to visit johnbarrwhisky.com and to purchase alcohol. If you are not, you...","og_url":"https:\/\/johnbarrwhisky.com\/es\/delivery-return-policy\/","og_site_name":"John Barr Whisky","article_modified_time":"2021-11-19T18:08:20+00:00","twitter_card":"summary_large_image","twitter_misc":{"Tiempo de lectura":"8 minutos"},"schema":{"@context":"https:\/\/schema.org","@graph":[{"@type":"Organization","@id":"https:\/\/johnbarrwhisky.com\/#organization","name":"John Barr Whisky","url":"https:\/\/johnbarrwhisky.com\/","sameAs":[],"logo":{"@type":"ImageObject","@id":"https:\/\/johnbarrwhisky.com\/#logo","inLanguage":"es-MX","url":"https:\/\/johnbarrwhisky.com\/wp-content\/uploads\/2021\/06\/footer-logo.pn-g.png","contentUrl":"https:\/\/johnbarrwhisky.com\/wp-content\/uploads\/2021\/06\/footer-logo.pn-g.png","width":385,"height":108,"caption":"John Barr Whisky"},"image":{"@id":"https:\/\/johnbarrwhisky.com\/#logo"}},{"@type":"WebSite","@id":"https:\/\/johnbarrwhisky.com\/#website","url":"https:\/\/johnbarrwhisky.com\/","name":"John Barr Whisky","description":"Reserve Blended Scotch Whisky","publisher":{"@id":"https:\/\/johnbarrwhisky.com\/#organization"},"potentialAction":[{"@type":"SearchAction","target":{"@type":"EntryPoint","urlTemplate":"https:\/\/johnbarrwhisky.com\/?s={search_term_string}"},"query-input":"required name=search_term_string"}],"inLanguage":"es-MX"},{"@type":"WebPage","@id":"https:\/\/johnbarrwhisky.com\/delivery-return-policy\/#webpage","url":"https:\/\/johnbarrwhisky.com\/delivery-return-policy\/","name":"Delivery & Return Policy - John Barr Whisky","isPartOf":{"@id":"https:\/\/johnbarrwhisky.com\/#website"},"datePublished":"2021-08-13T17:32:27+00:00","dateModified":"2021-11-19T18:08:20+00:00","breadcrumb":{"@id":"https:\/\/johnbarrwhisky.com\/delivery-return-policy\/#breadcrumb"},"inLanguage":"es-MX","potentialAction":[{"@type":"ReadAction","target":["https:\/\/johnbarrwhisky.com\/delivery-return-policy\/"]}]},{"@type":"BreadcrumbList","@id":"https:\/\/johnbarrwhisky.com\/delivery-return-policy\/#breadcrumb","itemListElement":[{"@type":"ListItem","position":1,"name":"Home","item":"https:\/\/johnbarrwhisky.com\/"},{"@type":"ListItem","position":2,"name":"Delivery &#038; Return Policy"}]}]}},"_links":{"self":[{"href":"https:\/\/johnbarrwhisky.com\/es\/wp-json\/wp\/v2\/pages\/252"}],"collection":[{"href":"https:\/\/johnbarrwhisky.com\/es\/wp-json\/wp\/v2\/pages"}],"about":[{"href":"https:\/\/johnbarrwhisky.com\/es\/wp-json\/wp\/v2\/types\/page"}],"author":[{"embeddable":true,"href":"https:\/\/johnbarrwhisky.com\/es\/wp-json\/wp\/v2\/users\/1"}],"replies":[{"embeddable":true,"href":"https:\/\/johnbarrwhisky.com\/es\/wp-json\/wp\/v2\/comments?post=252"}],"version-history":[{"count":0,"href":"https:\/\/johnbarrwhisky.com\/es\/wp-json\/wp\/v2\/pages\/252\/revisions"}],"wp:attachment":[{"href":"https:\/\/johnbarrwhisky.com\/es\/wp-json\/wp\/v2\/media?parent=252"}],"curies":[{"name":"wp","href":"https:\/\/api.w.org\/{rel}","templated":true}]}}