{"id":251,"date":"2021-08-09T20:57:06","date_gmt":"2021-08-09T20:57:06","guid":{"rendered":"https:\/\/johnbarr.wpengine.com\/?page_id=251"},"modified":"2021-08-16T17:27:16","modified_gmt":"2021-08-16T17:27:16","slug":"terms-conditions","status":"publish","type":"page","link":"https:\/\/johnbarrwhisky.com\/es\/terms-conditions\/","title":{"rendered":"Terms &#038; Conditions"},"content":{"rendered":"<h2>T\u00e9rminos y condiciones &#8211; WHYTE AND MACKAY LIMITED<\/h2>\n<p>PLAZA SAN VICENTE<br \/>\n319 ST VINCENT STREET<br \/>\nGLASGOW<br \/>\nG2 5LP<\/p>\n<p>N\u00daMERO DE REGISTRO DE IVA: 556618711<br \/>\nN\u00daMERO DE REGISTRO DE LA EMPRESA: SC014456<\/p>\n<p>ESTE AVISO LEGAL SE APLICA A TODO EL CONTENIDO DE ESTE SITIO WEB MUNDIAL (EL &#8220;SITIO&#8221;) YA CUALQUIER CORRESPONDENCIA POR CORREO ELECTR\u00d3NICO ENTRE NOSOTROS (EN CONJUNTO, &#8220;MEDIOS ELECTR\u00d3NICOS&#8221;).<\/p>\n<p>EL USO Y ACCESO A ESTE SITIO EST\u00c1 SUJETO A LOS T\u00c9RMINOS Y CONDICIONES QUE SE EXPLICAN A CONTINUACI\u00d3N (&#8216;T\u00c9RMINOS&#8217;). POR FAVOR LEA ESTOS T\u00c9RMINOS ANTES DE USAR O ACCEDER AL SITIO.<\/p>\n<p>AL USAR O ACCEDER AL SITIO O CUALQUIER PARTE DEL MISMO, USTED ACEPTA ESTAR OBLIGADO POR LOS T\u00c9RMINOS.<\/p>\n<p>PROPIEDAD INTELECTUALLA FRASE &#8216;PROPIEDAD INTELECTUAL&#8217; SIGNIFICA TODOS LOS DERECHOS DE AUTOR, SABER HACER, INFORMACI\u00d3N CONFIDENCIAL, INFORMACI\u00d3N T\u00c9CNICA, SECRETOS COMERCIALES, NOMBRES COMERCIALES, MARCAS COMERCIALES, MARCAS DE SERVICIO, NOMBRES COMERCIALES O COMERCIALES, PATENTES, MODELOS DE UTILIDADES, DERECHOS DE DISE\u00d1O (YA SEAN REGISTRABLES O DE OTRA MANERA), DERECHOS DE TOPOGRAF\u00cdA DEL SEMICONDUCTOR, DERECHOS DE BASE DE DATOS, TODOS LOS DERECHOS EN LA NATURALEZA DE COMPETENCIA DESLEAL O DERECHOS A DEMANDAR POR TRANSMISI\u00d3N Y CUALQUIER OTROS DERECHOS DE PROPIEDAD INTELECTUAL, YA SEA REGISTRADA O NO REGISTRADA O CUALQUIER APLICACI\u00d3N DE ESTE MUNDO A PARTIR DE CUALQUIER TIEMPO O CUALQUIER TIEMPO QUE ASISTENTE CUALQUIER OTRA PROPIEDAD.<\/p>\n<p>A MENOS QUE SE INDIQUE LO CONTRARIO, TODOS LOS NOMBRES DE PRODUCTOS, INFORMACI\u00d3N, DISE\u00d1OS, LOGOS, T\u00cdTULOS, TEXTO, IM\u00c1GENES, AUDIO, VIDEO, SOFTWARE U OTRO CONTENIDO (&#8216;CONTENIDO&#8217;) DENTRO DE LOS MEDIOS ELECTR\u00d3NICOS SON PROPIEDAD INTELECTUAL DE WHYTE Y MACKAY LIMITED, SUS FILIALES O SUS LICENCIADORES Y CUALQUIER MARCA COMERCIAL PERTINENTE UTILIZADA SON PROPIEDAD DE LOS RESPECTIVOS DUE\u00d1OS.<\/p>\n<p>SUJETO A LA SECCI\u00d3N &#8216;USO DE MEDIOS ELECTR\u00d3NICOS&#8217; A CONTINUACI\u00d3N, NADA CONTENIDO DENTRO DE LOS MEDIOS ELECTR\u00d3NICOS DEBE SER CONSIDERADO COMO OTORGAMIENTO, POR IMPLICACI\u00d3N, ESTOPPEL O DE OTRO MODO, CUALQUIER LICENCIA O DERECHO A USAR CUALQUIER PROPIEDAD INTELECTUAL DE WHYTE Y MACKAY LIMITED MEDIOS SIN EL PERMISO PREVIO POR ESCRITO DE WHYTE Y MACKAY LIMITED.<\/p>\n<p>USO DE MEDIOS ELECTR\u00d3NICOS<\/p>\n<p>WHYTE Y MACKAY LIMITED MANTENGA LOS MEDIOS ELECTR\u00d3NICOS PARA SU ENTRETENIMIENTO PERSONAL, INFORMACI\u00d3N, EDUCACI\u00d3N Y COMUNICACI\u00d3N. POR FAVOR, SI\u00c9NTASE LIBRE DE NAVEGAR POR EL SITIO. PUEDE DESCARGAR EL CONTENIDO DE LOS MEDIOS ELECTR\u00d3NICOS PARA USO PERSONAL NO COMERCIAL \u00daNICAMENTE SI USTED TAMBI\u00c9N CONSERVA TODOS LOS DERECHOS DE AUTOR Y OTROS AVISOS DE PROPIEDAD CONTENIDOS EN EL CONTENIDO. SIN EMBARGO, NO PUEDE DISTRIBUIR, MODIFICAR, TRANSMITIR, REUTILIZAR, VOLVER A PUBLICAR O UTILIZAR CUALQUIER O TODO EL CONTENIDO PARA FINES P\u00daBLICOS O COMERCIALES SIN EL PERMISO PREVIO POR ESCRITO DE WHYTE Y MACKAY LIMITED. PERIODICAMENTE SE REALIZAN CAMBIOS AL CONTENIDO DE ESTE SITIO SIN PREVIO AVISO.<\/p>\n<p>CUALQUIER DESCARGA, RE-TRANSMISI\u00d3N U OTRA COPIA O MODIFICACI\u00d3N NO AUTORIZADA DE CUALQUIERA DE LOS CONTENIDOS PUEDE SER UNA INFRACCI\u00d3N DE LOS DERECHOS LEGALES O COMUNES QUE PODR\u00cdAN SER OBJETO DE UNA ACCI\u00d3N LEGAL.<\/p>\n<p>WHYTE Y MACKAY LIMITED RECHAZAN TODA RESPONSABILIDAD QUE PUEDA RESULTAR DE CUALQUIER REPRODUCCI\u00d3N O USO NO AUTORIZADO DE LA INFORMACI\u00d3N DEL SITIO. TODOS LOS DERECHOS NO OTORGADOS EXPRESAMENTE EST\u00c1N RESERVADOS POR WHYTE Y MACKAY LIMITED.<\/p>\n<p>GARANTIAS<\/p>\n<p>WHYTE AND MACKAY LIMITED LE PROPORCIONA LOS MEDIOS ELECTR\u00d3NICOS DE FORMA GRATUITA Y &#8220;TAL CUAL&#8221; Y &#8220;SEG\u00daN DISPONIBILIDAD&#8221;. WHYTE Y MACKAY LIMITED NO OFRECEN NINGUNA GARANT\u00cdA EN RELACI\u00d3N CON LOS MEDIOS ELECTR\u00d3NICOS. EN CONSECUENCIA, EN LA MEDIDA M\u00c1XIMA QUE WHYTE Y MACKAY LIMITED EST\u00c1N PERMITIDOS POR LA LEY, WHYTE Y MACKAY LIMITED LE PROPORCIONA LOS MEDIOS ELECTR\u00d3NICOS SOBRE LA BASE DE QUE WHYTE Y MACKAY LIMITED EXCLUYEN TODAS LAS REPRESENTACIONES (EXCEPTO LAS DECLARACIONES FRAUDULENTES), LAS GARANT\u00cdAS Y OTRAS CONDICIONES SIN LIMITACI\u00d3N LAS CONDICIONES IMPL\u00cdCITAS POR LA LEY DE CALIDAD SATISFACTORIA, APTITUD PARA EL PROP\u00d3SITO Y USO DE CUIDADO Y HABILIDAD RAZONABLES) QUE PERO PARA ESTE AVISO TENDR\u00cdAN EFECTO EN RELACI\u00d3N CON LOS MEDIOS ELECTR\u00d3NICOS. WHYTE Y MACKAY LIMITED TAMBI\u00c9N EXCLUYEN TODA RESPONSABILIDAD POR CUALQUIER CANTIDAD O TIPO DE P\u00c9RDIDA O DA\u00d1O QUE PUEDA RESULTARLE A USTED O A UN TERCERO COMO RESULTADO DE SUMINISTRAR LOS MEDIOS ELECTR\u00d3NICOS, INCLUYENDO PERO NO LIMITADO A P\u00c9RDIDAS O DA\u00d1OS DEBIDOS A VIRUS DE CUALQUIER NATURALEZA PUEDE INFECTAR SU EQUIPO DE COMPUTADORA, SOFTWARE, DATOS U OTRA PROPIEDAD A CUENTA DE SU ACCESO, USO O NAVEGACI\u00d3N DEL SITIO O LA DESCARGA DE CUALQUIER CONTENIDO DE LOS MEDIOS ELECTR\u00d3NICOS O CUALQUIER SITIO VINCULADO AL SITIO.<\/p>\n<p>WHYTE Y MACKAY NO GARANTIZAN QUE (1) EL SITIO CUMPLIR\u00c1 CON SUS REQUISITOS; (2) EL SITIO SER\u00c1 ININTERRUMPIDO, OPORTUNO, SEGURO O LIBRE DE ERRORES; O (3) CUALQUIER INFORMACI\u00d3N QUE SE PUEDA OBTENER DEL USO DEL SITIO SER\u00c1 EXACTA O CONFIABLE.<\/p>\n<p>LIMITACI\u00d3N DE RESPONSABILIDAD<\/p>\n<p>WHYTE Y MACKAY LIMITED, CUALQUIER OTRA PARTE (YA SEA INVOLUCRADA O NO EN LA CREACI\u00d3N, PRODUCCI\u00d3N, MANTENIMIENTO O ENTREGA DE LOS MEDIOS ELECTR\u00d3NICOS), Y CUALQUIERA DE LAS COMPA\u00d1\u00cdAS TENEDORAS DE WHYTE Y MACKAY LIMITED, SUBSIDIARIAS O COMPA\u00d1\u00cdAS AFILIADAS (&#8220; AFILIADOS &#8221;) Y LOS , LOS EMPLEADOS, ACCIONISTAS O AGENTES DE CUALQUIERA DE ELLOS NO SER\u00c1N RESPONSABLES EN RELACI\u00d3N CON LOS MEDIOS ELECTR\u00d3NICOS DE NING\u00daN MODO (O EN RELACI\u00d3N CON EL USO, EL DESEMPE\u00d1O O SU NAVEGACI\u00d3N O SUS V\u00cdNCULOS A OTROS SITIOS<\/p>\n<p>DE LOS MEDIOS ELECTR\u00d3NICOS), PARA CUALQUIER P\u00c9RDIDA O DA\u00d1O DE CUALQUIER TIPO QUE SE SURJA, INCLUYENDO SIN LIMITACI\u00d3N, CUALQUIER P\u00c9RDIDA O DA\u00d1O DIRECTO, INDIRECTO, PUNITIVO O CONSECUENTE O CUALQUIER P\u00c9RDIDA DE INGRESOS, BENEFICIOS, FONDO DE VOLUNTAD, DATOS, CONTRATOS Y SIEMPRE DE LA POSIBILIDAD DE TALES DA\u00d1OS Y YA SEA POR AGRAVIO (O DELICTO) (INCLUYENDO NEGLIGENCIA), CONTRATO O DE OTRA MANERA.<\/p>\n<p>SIN EMBARGO, NADA EN ESTE AVISO LEGAL EXCLUIR\u00c1 O LIMITAR\u00c1 LA RESPONSABILIDAD DE WHYTE Y MACKAY LIMITED POR FRAUDE O POR MUERTE O LESIONES PERSONALES CAUSADAS POR SU NEGLIGENCIA.<\/p>\n<p>PRODUCTOS Y SITIOS WEB NO AFILIADOS<\/p>\n<p>LAS DESCRIPCIONES O REFERENCIAS A PRODUCTOS DE TERCEROS, PUBLICACIONES O SITIOS WEB DE TERCEROS QUE NO SON PROPIEDAD DE WHYTE Y MACKAY LIMITED O SUS FILIALES NO IMPLICAN NINGUNA FORMA DE APROBACI\u00d3N DE ESE PRODUCTO, PUBLICACI\u00d3N O SITIO WEB DE TERCEROS. WHYTE Y MACKAY LIMITED NO HA REVISADO EL CONTENIDO DE SITIOS WEB QUE NO SEAN EL SITIO Y NO ES RESPONSABLE DE \u00c9L. WHYTE Y MACKAY LIMITED RECHAZAN LA RESPONSABILIDAD DE TODAS LAS REPRESENTACIONES HECHAS O IMPL\u00cdCITAS EN RELACI\u00d3N CON PRODUCTOS, PUBLICACIONES O SITIOS WEB QUE NO SON PROPIEDAD O TOTALMENTE CONTROLADOS POR WHYTE Y MACKAY LIMITED. SU ENLACE A CUALQUIER SITIO WEB DE TERCEROS ES BAJO SU PROPIO RIESGO Y USTED RECONOCE Y ACEPTA QUE WHYTE Y MACKAY LIMITED NO SER\u00c1N RESPONSABLES NI RESPONSABLES, DIRECTA O INDIRECTAMENTE POR CUALQUIER DA\u00d1O O P\u00c9RDIDA CAUSADA POR O EN RELACI\u00d3N CON EL USO O LA CONFIANZA EN CUALQUIER MATERIAL SE MUESTRA EN UN SITIO WEB DE TERCEROS QUE NO EST\u00c1 BAJO LA PROPIEDAD O EL CONTROL COMPLETO DE WHYTE Y MACKAY LIMITED.<\/p>\n<p>EL CONTENIDO MOSTRADO EN EL SITIO INCLUYE INFORMACI\u00d3N SOBRE EL PRECIO O LA DISPONIBILIDAD DE LOS PRODUCTOS Y \/ O SERVICIOS DISPONIBLES A TRAV\u00c9S DE CUALQUIER SITIO WEB DE TERCEROS SE CONSIDERA CONFIABLE CUANDO SE MUESTRA, PERO WHYTE Y MACKAY LIMITED NO PUEDEN GARANTIZAR QUE DICHO CONTENIDO SER\u00c1 PRECISO Y COMPLETO ACTUALIZADO EN TODO MOMENTO.<\/p>\n<p>COMUNICACI\u00d3N A TRAV\u00c9S DE MEDIOS ELECTR\u00d3NICOS<\/p>\n<p>USTED NO PUEDE PUBLICAR NI TRANSMITIR NINGUNA DECLARACI\u00d3N, MATERIAL O CONTENIDO QUE SEA ILEGAL, OBSCENO, INDECENTE, LIBELO, PORNOGR\u00c1FICO, SEDICIO, OFENSIVO, DIFAMATORIO, AMENAZANTE, ABUSIVO, RESPONSABLE DE INCITAR, ESCENARIO, MENACENFAMOSO, DESCRIMINIO POR INCUMPLIMIENTO DE LA CONFIANZA, INCUMPLIMIENTO DE LA PRIVACIDAD O DEL MATERIAL PROPIEDAD DE UN TERCERO PARA EL CUAL USTED NO HA OBTENIDO TODAS LAS LICENCIAS Y \/ O APROBACIONES NECESARIAS QUE PUEDEN CAUSAR MOLESTOS O INCONVENIENTES. TAMBI\u00c9N ACEPTA QUE CUALQUIER PUBLICACI\u00d3N O TRANSMISI\u00d3N QUE HAGA NO CONSTITUIR\u00c1 NI FOMENTAR\u00c1 UNA CONDUCTA QUE SER\u00cdA CONSIDERADA UN DELITO PENAL, DAR\u00c1 LUGAR A LA RESPONSABILIDAD CIVIL O QUE DE OTRO MODO SERA CONTRARIO A LA LEY O INFRINGIR\u00c1 LOS DERECHOS DE TERCEROS DERECHOS CUALQUIER PARTE DEL REINO UNIDO, LA UNI\u00d3N EUROPEA, LOS ESTADOS UNIDOS O LA COMUNIDAD. TAMBI\u00c9N DEBE TRANSMITIR NINGUNA PUBLICACI\u00d3N O TRANSMISI\u00d3N T\u00c9CNICAMENTE PERJUDICIAL A LOS MEDIOS ELECTR\u00d3NICOS O A TRAV\u00c9S DE LOS MEDIOS ELECTR\u00d3NICOS (Y DICHOS INCLUIR\u00c1N, PERO NO ESTAR\u00c1N LIMITADOS A, VIRUS DE COMPUTADORAS, BOMBAS L\u00d3GICAS, CABALLOS TROYANOS, GUSANOS, COMPONENTES DA\u00d1INOS, DATOS CORRUMPIDOS U OTROS DATOS MALOSOS. ) O PARTICIPAR EN OTRAS PR\u00c1CTICAS DE USO INDEBIDO (QUE INCLUIR\u00c1N PERO NO SE LIMITAR\u00c1N A HACKING). WHYTE Y MACKAY LIMITED COOPERAR\u00c1N TOTALMENTE CON CUALQUIER AUTORIDAD DE APLICACI\u00d3N DE LA LEY O ORDEN JUDICIAL QUE SOLICITE O INDIQUE WHYTE Y MACKAY LIMITED PARA DIVULGAR LA IDENTIDAD O UBICAR A CUALQUIERA QUE PUBLIQUE DICHO CONTENIDO.<\/p>\n<p>EL SITIO NO DEBE SER ACCESO, MONITOREADO O COPIADO POR NING\u00daN PROCESO MANUAL NI POR CUALQUIER ROBOT, ARA\u00d1A U OTRO DISPOSITIVO AUTOMATIZADO.<\/p>\n<p>CONSECUENCIAS DE LAS PUBLICACIONES<\/p>\n<p>LA COMUNICACI\u00d3N O CONTENIDO QUE TRANSMITE A TRAV\u00c9S DE LOS MEDIOS ELECTR\u00d3NICOS O RELACIONADOS CON LOS MEDIOS ELECTR\u00d3NICOS POR CORREO ELECTR\u00d3NICO O DE OTRO MODO, INCLUYENDO, PERO NO LIMITADO A, CUALQUIER CORRESPONDENCIA, DATOS, PREGUNTAS, COMENTARIOS, SUGERENCIAS ES Y SER\u00c1 TRATADO COMO NO CONFIDENCIAL Y NO PROPIETARIO PARA TI. WHYTE Y MACKAY LIMITED NO PUEDEN EVITAR LA &#8216;RECOLECCI\u00d3N&#8217; DE INFORMACI\u00d3N DE LOS MEDIOS ELECTR\u00d3NICOS, Y WHYTE Y MACKAY LIMITED O TERCEROS NO RELACIONADOS CON USTED PUEDEN CONTACTARLO, POR CORREO ELECTR\u00d3NICO O DE OTRO MODO, DENTRO O FUERA DE LOS MEDIOS ELECTR\u00d3NICOS. TODO LO QUE TRANSMITE UTILIZANDO LOS MEDIOS ELECTR\u00d3NICOS SE CONVIERTE EN PROPIEDAD DE WHYTE Y MACKAY LIMITED Y PUEDE SER EDITADO POR O EN NOMBRE DE WHYTE Y MACKAY LIMITED, PUEDE SER PUBLICADO O NO, INCLUYENDO PERO NO LIMITADO A LOS MEDIOS ELECTR\u00d3NICOS A DISCRECI\u00d3N EXCLUSIVA DE WHYTE Y MACKAY LIMITADA INFORMACI\u00d3N Y CORRESPONDENCIA QUE USTED PROPORCIONA Y PUEDE SER UTILIZADA POR WHYTE Y MACKAY LIMITED O SUS FILIALES PARA CUALQUIER FIN, INCLUYENDO, PERO NO LIMITADO A &#8230;<\/p>\n<p>REPRODUCCI\u00d3N, DIVULGACI\u00d3N, TRANSMISI\u00d3N, PUBLICACI\u00d3N, DIFUSI\u00d3N Y PUBLICACI\u00d3N. ADEM\u00c1S, WHYTE Y MACKAY LIMITED ES GRATUITO PARA UTILIZAR CUALQUIER IDEAS, CONCEPTOS, CONOCIMIENTOS O T\u00c9CNICAS CONTENIDAS EN CUALQUIER COMUNICACI\u00d3N QUE USTED ENV\u00cdE A LOS MEDIOS ELECTR\u00d3NICOS PARA CUALQUIER FIN, INCLUYENDO, PERO NO LIMITADO A DESARROLLAR, FABRICAR INFORMACI\u00d3N Y MARKETING DE ESTADOS UNIDOS .<\/p>\n<p>WHYTE Y MACKAY LIMITED NO TIENEN LA OBLIGACI\u00d3N DE MONITOREAR O REVISAR CUALQUIER DISCUSI\u00d3N, CHATS, PUBLICACIONES, TRANSMISIONES, BOLETINES ETC (&#8216;PUBLICACIONES&#8217;) EN EL SITIO Y USTED ENTIENDE Y ACEPTA WHYTE<\/p>\n\n<\/div>","protected":false},"excerpt":{"rendered":"T\u00e9rminos y condiciones - WHYTE AND MACKAY LIMITED PLAZA SAN VICENTE 319 ST VINCENT STREET GLASGOW G2 5LP N\u00daMERO DE REGISTRO DE IVA: 556618711 N\u00daMERO DE REGISTRO DE LA EMPRESA:...","protected":false},"author":1,"featured_media":0,"parent":0,"menu_order":0,"comment_status":"closed","ping_status":"closed","template":"","meta":[],"yoast_head":"<!-- This site is optimized with the Yoast SEO plugin v17.5 - https:\/\/yoast.com\/wordpress\/plugins\/seo\/ -->\n<title>Terms &amp; Conditions - John Barr Whisky<\/title>\n<meta name=\"robots\" content=\"index, follow, max-snippet:-1, max-image-preview:large, max-video-preview:-1\" \/>\n<link rel=\"canonical\" href=\"https:\/\/johnbarrwhisky.com\/es\/terms-conditions\/\" \/>\n<meta property=\"og:locale\" content=\"es_MX\" \/>\n<meta property=\"og:type\" content=\"article\" \/>\n<meta property=\"og:title\" content=\"Terms &amp; Conditions - John Barr Whisky\" \/>\n<meta property=\"og:url\" content=\"https:\/\/johnbarrwhisky.com\/es\/terms-conditions\/\" \/>\n<meta property=\"og:site_name\" content=\"John Barr Whisky\" \/>\n<meta property=\"article:modified_time\" content=\"2021-08-16T17:27:16+00:00\" \/>\n<meta name=\"twitter:card\" content=\"summary_large_image\" \/>\n<meta name=\"twitter:label1\" content=\"Tiempo de lectura\" \/>\n\t<meta name=\"twitter:data1\" content=\"20 minutos\" \/>\n<script type=\"application\/ld+json\" class=\"yoast-schema-graph\">{\"@context\":\"https:\/\/schema.org\",\"@graph\":[{\"@type\":\"Organization\",\"@id\":\"https:\/\/johnbarrwhisky.com\/#organization\",\"name\":\"John Barr Whisky\",\"url\":\"https:\/\/johnbarrwhisky.com\/\",\"sameAs\":[],\"logo\":{\"@type\":\"ImageObject\",\"@id\":\"https:\/\/johnbarrwhisky.com\/#logo\",\"inLanguage\":\"es-MX\",\"url\":\"https:\/\/johnbarrwhisky.com\/wp-content\/uploads\/2021\/06\/footer-logo.pn-g.png\",\"contentUrl\":\"https:\/\/johnbarrwhisky.com\/wp-content\/uploads\/2021\/06\/footer-logo.pn-g.png\",\"width\":385,\"height\":108,\"caption\":\"John Barr Whisky\"},\"image\":{\"@id\":\"https:\/\/johnbarrwhisky.com\/#logo\"}},{\"@type\":\"WebSite\",\"@id\":\"https:\/\/johnbarrwhisky.com\/#website\",\"url\":\"https:\/\/johnbarrwhisky.com\/\",\"name\":\"John Barr Whisky\",\"description\":\"Reserve Blended Scotch Whisky\",\"publisher\":{\"@id\":\"https:\/\/johnbarrwhisky.com\/#organization\"},\"potentialAction\":[{\"@type\":\"SearchAction\",\"target\":{\"@type\":\"EntryPoint\",\"urlTemplate\":\"https:\/\/johnbarrwhisky.com\/?s={search_term_string}\"},\"query-input\":\"required name=search_term_string\"}],\"inLanguage\":\"es-MX\"},{\"@type\":\"WebPage\",\"@id\":\"https:\/\/johnbarrwhisky.com\/terms-conditions\/#webpage\",\"url\":\"https:\/\/johnbarrwhisky.com\/terms-conditions\/\",\"name\":\"Terms & Conditions - John Barr Whisky\",\"isPartOf\":{\"@id\":\"https:\/\/johnbarrwhisky.com\/#website\"},\"datePublished\":\"2021-08-09T20:57:06+00:00\",\"dateModified\":\"2021-08-16T17:27:16+00:00\",\"breadcrumb\":{\"@id\":\"https:\/\/johnbarrwhisky.com\/terms-conditions\/#breadcrumb\"},\"inLanguage\":\"es-MX\",\"potentialAction\":[{\"@type\":\"ReadAction\",\"target\":[\"https:\/\/johnbarrwhisky.com\/terms-conditions\/\"]}]},{\"@type\":\"BreadcrumbList\",\"@id\":\"https:\/\/johnbarrwhisky.com\/terms-conditions\/#breadcrumb\",\"itemListElement\":[{\"@type\":\"ListItem\",\"position\":1,\"name\":\"Home\",\"item\":\"https:\/\/johnbarrwhisky.com\/\"},{\"@type\":\"ListItem\",\"position\":2,\"name\":\"Terms &#038; Conditions\"}]}]}<\/script>\n<!-- \/ Yoast SEO plugin. -->","yoast_head_json":{"title":"Terms & Conditions - John Barr Whisky","robots":{"index":"index","follow":"follow","max-snippet":"max-snippet:-1","max-image-preview":"max-image-preview:large","max-video-preview":"max-video-preview:-1"},"canonical":"https:\/\/johnbarrwhisky.com\/es\/terms-conditions\/","og_locale":"es_MX","og_type":"article","og_title":"Terms & Conditions - John Barr Whisky","og_url":"https:\/\/johnbarrwhisky.com\/es\/terms-conditions\/","og_site_name":"John Barr Whisky","article_modified_time":"2021-08-16T17:27:16+00:00","twitter_card":"summary_large_image","twitter_misc":{"Tiempo de lectura":"20 minutos"},"schema":{"@context":"https:\/\/schema.org","@graph":[{"@type":"Organization","@id":"https:\/\/johnbarrwhisky.com\/#organization","name":"John Barr Whisky","url":"https:\/\/johnbarrwhisky.com\/","sameAs":[],"logo":{"@type":"ImageObject","@id":"https:\/\/johnbarrwhisky.com\/#logo","inLanguage":"es-MX","url":"https:\/\/johnbarrwhisky.com\/wp-content\/uploads\/2021\/06\/footer-logo.pn-g.png","contentUrl":"https:\/\/johnbarrwhisky.com\/wp-content\/uploads\/2021\/06\/footer-logo.pn-g.png","width":385,"height":108,"caption":"John Barr Whisky"},"image":{"@id":"https:\/\/johnbarrwhisky.com\/#logo"}},{"@type":"WebSite","@id":"https:\/\/johnbarrwhisky.com\/#website","url":"https:\/\/johnbarrwhisky.com\/","name":"John Barr Whisky","description":"Reserve Blended Scotch Whisky","publisher":{"@id":"https:\/\/johnbarrwhisky.com\/#organization"},"potentialAction":[{"@type":"SearchAction","target":{"@type":"EntryPoint","urlTemplate":"https:\/\/johnbarrwhisky.com\/?s={search_term_string}"},"query-input":"required name=search_term_string"}],"inLanguage":"es-MX"},{"@type":"WebPage","@id":"https:\/\/johnbarrwhisky.com\/terms-conditions\/#webpage","url":"https:\/\/johnbarrwhisky.com\/terms-conditions\/","name":"Terms & Conditions - John Barr Whisky","isPartOf":{"@id":"https:\/\/johnbarrwhisky.com\/#website"},"datePublished":"2021-08-09T20:57:06+00:00","dateModified":"2021-08-16T17:27:16+00:00","breadcrumb":{"@id":"https:\/\/johnbarrwhisky.com\/terms-conditions\/#breadcrumb"},"inLanguage":"es-MX","potentialAction":[{"@type":"ReadAction","target":["https:\/\/johnbarrwhisky.com\/terms-conditions\/"]}]},{"@type":"BreadcrumbList","@id":"https:\/\/johnbarrwhisky.com\/terms-conditions\/#breadcrumb","itemListElement":[{"@type":"ListItem","position":1,"name":"Home","item":"https:\/\/johnbarrwhisky.com\/"},{"@type":"ListItem","position":2,"name":"Terms &#038; Conditions"}]}]}},"_links":{"self":[{"href":"https:\/\/johnbarrwhisky.com\/es\/wp-json\/wp\/v2\/pages\/251"}],"collection":[{"href":"https:\/\/johnbarrwhisky.com\/es\/wp-json\/wp\/v2\/pages"}],"about":[{"href":"https:\/\/johnbarrwhisky.com\/es\/wp-json\/wp\/v2\/types\/page"}],"author":[{"embeddable":true,"href":"https:\/\/johnbarrwhisky.com\/es\/wp-json\/wp\/v2\/users\/1"}],"replies":[{"embeddable":true,"href":"https:\/\/johnbarrwhisky.com\/es\/wp-json\/wp\/v2\/comments?post=251"}],"version-history":[{"count":0,"href":"https:\/\/johnbarrwhisky.com\/es\/wp-json\/wp\/v2\/pages\/251\/revisions"}],"wp:attachment":[{"href":"https:\/\/johnbarrwhisky.com\/es\/wp-json\/wp\/v2\/media?parent=251"}],"curies":[{"name":"wp","href":"https:\/\/api.w.org\/{rel}","templated":true}]}}